{"id":2,"date":"2016-05-10T03:48:21","date_gmt":"2016-05-10T03:48:21","guid":{"rendered":"http:\/\/blog.ratex-rohr.de\/?page_id=2"},"modified":"2019-01-13T15:01:07","modified_gmt":"2019-01-13T15:01:07","slug":"sample-page","status":"publish","type":"page","link":"https:\/\/www.ratex-rohr.de\/?page_id=2","title":{"rendered":"Referenzen"},"content":{"rendered":"<p><span style=\"color: #333333; font-family: Arial, Helvetica, sans-serif;\">W\u00e4hrend unserer langj\u00e4hrigen T\u00e4tigkeit im Stahlrohrhandel haben wir zahlreiche Gesch\u00e4ftsbeziehungen zu namhaften Unternehmen im In- und Ausland aufgebaut.<\/span><\/p>\n<p><span style=\"font-family: Arial, Helvetica, sans-serif;\"><strong>Hier ein kleiner \u00dcberblick \u00fcber Bauprojekte bei denen unser Material verarbeitet wurde:<\/strong><\/span><\/p>\n<ul>\n<li><span style=\"font-family: Arial, Helvetica, sans-serif;\">Messe Stuttgart <\/span><\/li>\n<li><span style=\"font-family: Arial, Helvetica, sans-serif;\">Messe Frankfurt <\/span><\/li>\n<li><span style=\"font-family: Arial, Helvetica, sans-serif;\">Audi Ingoldstadt <\/span><\/li>\n<li><span style=\"font-family: Arial, Helvetica, sans-serif;\">Audi Br\u00fcssel <\/span><\/li>\n<li><span style=\"font-family: Arial, Helvetica, sans-serif;\">BMW Dingolfing <\/span><\/li>\n<li><span style=\"font-family: Arial, Helvetica, sans-serif;\">Daimler Sindelfingen <\/span><\/li>\n<li><span style=\"font-family: Arial, Helvetica, sans-serif;\">Daimler Raststatt <\/span><\/li>\n<li><span style=\"font-family: Arial, Helvetica, sans-serif;\">Flughafen Frankfurt <\/span><\/li>\n<li><span style=\"font-family: Arial, Helvetica, sans-serif;\">Flughafen Tegel\/Berlin <\/span><\/li>\n<li><span style=\"font-family: Arial, Helvetica, sans-serif;\">Gl\u00e4serne Manufaktur Dresden <\/span><\/li>\n<li><span style=\"font-family: Arial, Helvetica, sans-serif;\">Veltins Arena\/Gelsenkirchen<\/span><\/li>\n<li><span style=\"font-family: Arial, Helvetica, sans-serif;\">RheinEnegieStadion\/K\u00f6ln<\/span><\/li>\n<li><span style=\"font-family: Arial, Helvetica, sans-serif;\">Allianz-Arena\/M\u00fcnchen\u00b7 Zentralstadion Leipzig<\/span><\/li>\n<li><span style=\"font-family: Arial, Helvetica, sans-serif;\">Sony Center \/Potsdamer Platz Berlin<\/span><\/li>\n<li><span style=\"font-family: Arial, Helvetica, sans-serif;\"> Kl\u00e4rwerk Wa\u00dfmannsdorf<\/span><\/li>\n<li><span style=\"font-family: Arial, Helvetica, sans-serif;\"> Kraftwerk Frimmersdorf<\/span> <span style=\"color: #333333; font-family: Arial, Helvetica, sans-serif; font-size: medium;\"><br \/>\n<\/span><\/li>\n<\/ul>\n","protected":false},"excerpt":{"rendered":"<p>W\u00e4hrend unserer langj\u00e4hrigen T\u00e4tigkeit im Stahlrohrhandel haben wir zahlreiche Gesch\u00e4ftsbeziehungen zu namhaften Unternehmen im In- und Ausland aufgebaut. Hier ein kleiner \u00dcberblick \u00fcber Bauprojekte bei denen unser Material verarbeitet wurde: Messe Stuttgart Messe Frankfurt Audi Ingoldstadt Audi Br\u00fcssel BMW Dingolfing Daimler Sindelfingen Daimler Raststatt Flughafen Frankfurt Flughafen Tegel\/Berlin Gl\u00e4serne Manufaktur Dresden Veltins Arena\/Gelsenkirchen RheinEnegieStadion\/K\u00f6ln Allianz-Arena\/M\u00fcnchen\u00b7 [&hellip;]<\/p>\n","protected":false},"author":1,"featured_media":0,"parent":0,"menu_order":0,"comment_status":"closed","ping_status":"open","template":"fullwidth.php","meta":{"footnotes":""},"class_list":["post-2","page","type-page","status-publish","hentry"],"_links":{"self":[{"href":"https:\/\/www.ratex-rohr.de\/index.php?rest_route=\/wp\/v2\/pages\/2","targetHints":{"allow":["GET"]}}],"collection":[{"href":"https:\/\/www.ratex-rohr.de\/index.php?rest_route=\/wp\/v2\/pages"}],"about":[{"href":"https:\/\/www.ratex-rohr.de\/index.php?rest_route=\/wp\/v2\/types\/page"}],"author":[{"embeddable":true,"href":"https:\/\/www.ratex-rohr.de\/index.php?rest_route=\/wp\/v2\/users\/1"}],"replies":[{"embeddable":true,"href":"https:\/\/www.ratex-rohr.de\/index.php?rest_route=%2Fwp%2Fv2%2Fcomments&post=2"}],"version-history":[{"count":4,"href":"https:\/\/www.ratex-rohr.de\/index.php?rest_route=\/wp\/v2\/pages\/2\/revisions"}],"predecessor-version":[{"id":372,"href":"https:\/\/www.ratex-rohr.de\/index.php?rest_route=\/wp\/v2\/pages\/2\/revisions\/372"}],"wp:attachment":[{"href":"https:\/\/www.ratex-rohr.de\/index.php?rest_route=%2Fwp%2Fv2%2Fmedia&parent=2"}],"curies":[{"name":"wp","href":"https:\/\/api.w.org\/{rel}","templated":true}]}}