{"id":345,"date":"2019-01-13T11:39:31","date_gmt":"2019-01-13T11:39:31","guid":{"rendered":"http:\/\/blog.ratex-rohr.de\/?page_id=345"},"modified":"2024-09-13T08:09:43","modified_gmt":"2024-09-13T08:09:43","slug":"datenschutz","status":"publish","type":"page","link":"https:\/\/www.ratex-rohr.de\/?page_id=345","title":{"rendered":"Datenschutz"},"content":{"rendered":"\n<p><strong>Datenschutzhinweis zur Website<\/strong><\/p>\n\n\n\n<p>Verantwortliche Stelle im Sinne der Datenschutzgesetze, insbesondere der EU-Datenschutzgrundverordnung (DSGVO), ist:<\/p>\n\n\n\n<p>RATEX-ROHR Stahlrohrhandel GmbH <br>An der Ziegelei 14 <br>D-41844 Wegberg <br><br>Telefon: +49 (0)2434 80973 &#8211; 0 <br>Telefax: +49 (0)2434 80973 &#8211; 20 <br><br>E-Mail: info@ratex-rohr.de <br>Internet: www.ratex-rohr.de <br><br>Gesch\u00e4ftsf\u00fchrer: Wolfgang Steffens<\/p>\n\n\n\n<p><strong>\ufeffIhre Betroffenenrechte<\/strong><\/p>\n\n\n\n<p>Unter den angegebenen Kontaktdaten unseres Datenschutzbeauftragten k\u00f6nnen Sie jederzeit folgende Rechte aus\u00fcben:<br><\/p>\n\n\n\n<ul class=\"wp-block-list\">\n<li> Auskunft \u00fcber Ihre bei uns gespeicherten Daten und deren Verarbeitung,<\/li>\n\n\n\n<li>Berichtigung unrichtiger personenbezogener Daten,<\/li>\n\n\n\n<li>L\u00f6schung Ihrer bei uns gespeicherten Daten,<\/li>\n\n\n\n<li>Einschr\u00e4nkung der Datenverarbeitung, sofern wir Ihre Daten aufgrund gesetzlicher Pflichten noch nicht l\u00f6schen d\u00fcrfen,<\/li>\n\n\n\n<li>Widerspruch gegen die Verarbeitung Ihrer Daten bei uns und<\/li>\n\n\n\n<li>Daten\u00fcbertragbarkeit, sofern Sie in die Datenverarbeitung eingewilligt haben oder einen Vertrag mit uns abgeschlossen haben.  <\/li>\n<\/ul>\n\n\n\n<p>Sofern Sie uns eine Einwilligung erteilt haben, k\u00f6nnen Sie diese jederzeit mit Wirkung f\u00fcr die Zukunft widerrufen.<\/p>\n\n\n\n<p>Sie k\u00f6nnen sich jederzeit mit einer Beschwerde an die f\u00fcr Sie   zust\u00e4ndige Aufsichtsbeh\u00f6rde wenden. Ihre zust\u00e4ndige Aufsichtsbeh\u00f6rde   richtet sich nach dem Bundesland Ihres Wohnsitzes, Ihrer Arbeit oder der   mutma\u00dflichen Verletzung. Eine Liste der Aufsichtsbeh\u00f6rden (f\u00fcr den   nicht\u00f6ffentlichen Bereich) mit Anschrift finden Sie unter: <a rel=\"noreferrer noopener\" href=\"https:\/\/www.bfdi.bund.de\/DE\/Infothek\/Anschriften_Links\/anschriften_links-node.html\" target=\"_blank\">https:\/\/www.bfdi.bund.de\/DE\/Infothek\/Anschriften_Links\/anschriften_links-node.html<\/a>. <\/p>\n\n\n\n<p><strong>Zwecke der Datenverarbeitung durch die verantwortliche Stelle und Dritte<\/strong><\/p>\n\n\n\n<p>Wir verarbeiten Ihre personenbezogenen Daten nur zu den in dieser   Datenschutzerkl\u00e4rung genannten Zwecken. Eine \u00dcbermittlung Ihrer   pers\u00f6nlichen Daten an Dritte zu anderen als den genannten Zwecken findet   nicht statt. Wir geben Ihre pers\u00f6nlichen Daten nur an Dritte weiter,   wenn: <\/p>\n\n\n\n<ul class=\"wp-block-list\">\n<li>Sie Ihre ausdr\u00fcckliche Einwilligung dazu erteilt haben,<\/li>\n\n\n\n<li>die Verarbeitung zur Abwicklung eines Vertrags mit Ihnen erforderlich ist,<\/li>\n\n\n\n<li>die Verarbeitung zur Erf\u00fcllung einer rechtlichen Verpflichtung erforderlich ist,  <\/li>\n<\/ul>\n\n\n\n<p>die Verarbeitung zur Wahrung berechtigter Interessen erforderlich ist   und kein Grund zur Annahme besteht, dass Sie ein \u00fcberwiegendes   schutzw\u00fcrdiges Interesse an der Nichtweitergabe Ihrer Daten haben. <\/p>\n\n\n\n<p><strong>Verwendung von Google Maps<\/strong><\/p>\n\n\n\n<p>Diese\n Webseite verwendet Google Maps API, um geographische  Informationen \nvisuell darzustellen. Bei der Nutzung von Google Maps  werden von Google\n auch Daten \u00fcber die Nutzung der Kartenfunktionen durch  Besucher \nerhoben, verarbeitet und genutzt. N\u00e4here Informationen \u00fcber  die \nDatenverarbeitung durch Google k\u00f6nnen Sie <a rel=\"noreferrer noopener\" href=\"http:\/\/www.google.com\/privacypolicy.html\" target=\"_blank\">den Google-Datenschutzhinweisen<\/a> entnehmen. Dort k\u00f6nnen Sie im Datenschutzcenter auch Ihre pers\u00f6nlichen Datenschutz-Einstellungen ver\u00e4ndern.\n\n<\/p>\n\n\n\n<p>Ausf\u00fchrliche Anleitungen zur Verwaltung der eigenen Daten im Zusammenhang mit Google-Produkten<a rel=\"noreferrer noopener\" href=\"http:\/\/www.dataliberation.org\/\" target=\"_blank\"> finden Sie hier<\/a>.<\/p>\n\n\n\n<p><strong>\u00c4nderung unserer Datenschutzbestimmungen<\/strong><\/p>\n\n\n\n<p>Wir\n behalten uns vor, diese Datenschutzerkl\u00e4rung anzupassen, damit  sie \nstets den aktuellen rechtlichen Anforderungen entspricht oder um  \n\u00c4nderungen unserer Leistungen in der Datenschutzerkl\u00e4rung umzusetzen,  \nz.B. bei der Einf\u00fchrung neuer Services. F\u00fcr Ihren erneuten Besuch gilt  \ndann die neue Datenschutzerkl\u00e4rung.<\/p>\n\n\n\n<p><strong>Fragen an den Datenschutzbeauftragten<\/strong><\/p>\n\n\n\n<p>Wenn\n Sie Fragen zum Datenschutz haben, schreiben Sie uns bitte eine  E-Mail \noder wenden Sie sich direkt an die f\u00fcr den Datenschutz  verantwortliche \nPerson in unserer Organisation:<\/p>\n\n\n\n<p><em>Die Datenschutzerkl\u00e4rung wurde mit dem <\/em><a rel=\"noreferrer noopener\" href=\"https:\/\/www.activemind.de\/datenschutz\/datenschutzhinweis-generator\/\" target=\"_blank\"><em>Datenschutzerkl\u00e4rungs-Generator <\/em><\/a><em><a href=\"https:\/\/www.activemind.de\/datenschutz\/datenschutzhinweis-generator\/\">der activeMind AG erstellt<\/a><a rel=\"noreferrer noopener\" aria-label=\".t. (\u00f6ffnet in neuem Tab)\" href=\"https:\/\/www.activemind.de\/datenschutz\/datenschutzhinweis-generator\/\" target=\"_blank\">.<\/a><\/em><\/p>\n","protected":false},"excerpt":{"rendered":"<p>Datenschutzhinweis zur Website Verantwortliche Stelle im Sinne der Datenschutzgesetze, insbesondere der EU-Datenschutzgrundverordnung (DSGVO), ist: RATEX-ROHR Stahlrohrhandel GmbH An der Ziegelei 14 D-41844 Wegberg Telefon: +49 (0)2434 80973 &#8211; 0 Telefax: +49 (0)2434 80973 &#8211; 20 E-Mail: info@ratex-rohr.de Internet: www.ratex-rohr.de Gesch\u00e4ftsf\u00fchrer: Wolfgang Steffens \ufeffIhre Betroffenenrechte Unter den angegebenen Kontaktdaten unseres Datenschutzbeauftragten k\u00f6nnen Sie jederzeit folgende Rechte [&hellip;]<\/p>\n","protected":false},"author":1,"featured_media":0,"parent":0,"menu_order":0,"comment_status":"closed","ping_status":"closed","template":"fullwidth.php","meta":{"footnotes":""},"class_list":["post-345","page","type-page","status-publish","hentry"],"_links":{"self":[{"href":"https:\/\/www.ratex-rohr.de\/index.php?rest_route=\/wp\/v2\/pages\/345","targetHints":{"allow":["GET"]}}],"collection":[{"href":"https:\/\/www.ratex-rohr.de\/index.php?rest_route=\/wp\/v2\/pages"}],"about":[{"href":"https:\/\/www.ratex-rohr.de\/index.php?rest_route=\/wp\/v2\/types\/page"}],"author":[{"embeddable":true,"href":"https:\/\/www.ratex-rohr.de\/index.php?rest_route=\/wp\/v2\/users\/1"}],"replies":[{"embeddable":true,"href":"https:\/\/www.ratex-rohr.de\/index.php?rest_route=%2Fwp%2Fv2%2Fcomments&post=345"}],"version-history":[{"count":8,"href":"https:\/\/www.ratex-rohr.de\/index.php?rest_route=\/wp\/v2\/pages\/345\/revisions"}],"predecessor-version":[{"id":777,"href":"https:\/\/www.ratex-rohr.de\/index.php?rest_route=\/wp\/v2\/pages\/345\/revisions\/777"}],"wp:attachment":[{"href":"https:\/\/www.ratex-rohr.de\/index.php?rest_route=%2Fwp%2Fv2%2Fmedia&parent=345"}],"curies":[{"name":"wp","href":"https:\/\/api.w.org\/{rel}","templated":true}]}}