{"id":41,"date":"2018-07-09T09:14:34","date_gmt":"2018-07-09T09:14:34","guid":{"rendered":"http:\/\/energydemo.local\/?page_id=41"},"modified":"2019-01-16T12:37:57","modified_gmt":"2019-01-16T12:37:57","slug":"energy-demo-front","status":"publish","type":"page","link":"https:\/\/www.ratex-rohr.de\/?page_id=41","title":{"rendered":"Lieferprogramm"},"content":{"rendered":"<p><span style=\"font-family: Arial, Helvetica, sans-serif;\">In unserem Prospekt\/Lieferprogramm finden Sie einen kurzen \u00dcberblick \u00fcber uns, unsere Produktepalette und Serviceleistungen rund um den Stahlrohrhandel.<\/span><\/p>\n<p>Download: <a href=\"http:\/\/www.ratex-rohr.de\/wp-content\/uploads\/2019\/01\/RATEX-Prospekt-2019-1.pdf\" target=\"blank\">RATEX-Prospekt-2019<\/a><span style=\"font-family: Arial, Helvetica, sans-serif;\"> (Gr\u00f6\u00dfe 4,7 MB \/ Format PDF)<\/span><\/p>\n<h2><strong>Lieferprogramm \/ Delivery Program<\/strong><\/h2>\n<table width=\"100%\">\n<tbody>\n<tr>\n<td colspan=\"2\">\n<h4><strong>PRODUKTE \/ PRODUCTS<\/strong><\/h4>\n<\/td>\n<\/tr>\n<tr>\n<td width=\"50%\">\n<ul>\n<li>geschwei\u00dfte Stahlrohre nach EN 10217\/EN10219, DIN und API aus Vorrat bis Durchmesser 1420 mm<\/li>\n<li>Stahlleitungsrohre nach EN 10208\/DIN 2470<\/li>\n<li>Nahtlose Stahlrohre nach EN 10216,DIN und API<\/li>\n<li>Rohrzubeh\u00f6r: Rohrb\u00f6gen, Flansche, T-St\u00fccke, Reduzierungen, etc.<\/li>\n<li>Stahlrohre als Sonderanfertigung<\/li>\n<li>Stahlrohre aus Werks\u00fcberproduktionen, aus Sonderposten, Rammrohre<\/li>\n<\/ul>\n<\/td>\n<td width=\"50%\">\n<ul>\n<li>Welded steel pipes to EN 10217\/EN 10219,DIN and API from stock up to 1420 mm diameter<\/li>\n<li>Line pipes to EN 10208\/DIN 2470<\/li>\n<li>Seamless steel pipes to EN 10216, DIN and API<\/li>\n<li>Pipe fittings, e.g. elbows, flanges, tees, reducers, sleeves<\/li>\n<li>Steel pipes on special requirements<\/li>\n<li>Steel pipes overrollings , piling tubes<\/li>\n<\/ul>\n<\/td>\n<\/tr>\n<tr>\n<td colspan=\"2\">\n<h4><strong>ROHRBEARBEITUNGEN \/ PIPE TREATMENTS<\/strong><\/h4>\n<\/td>\n<\/tr>\n<tr>\n<td width=\"50%\">\n<ul>\n<li>Sandstrahlen (innen und au\u00dfen)<\/li>\n<li>Rohrisolierungen:\n<ul>\n<li>Kunststoffumh\u00fcllung (PE) nach DIN 30670<\/li>\n<li>Bitumenumh\u00fcllung- und Auskleidung nach DIN 30673<\/li>\n<li>Zementm\u00f6rtelauskleidung nach DIN 2614<\/li>\n<li>Verzinkung aller Art (auch Trinkwasser geeignet)<\/li>\n<li>Grund- und Deckanstriche (Farbbeschichtung, Epoxy, etc.)<\/li>\n<li>Faserzementumh\u00fcllung<\/li>\n<\/ul>\n<\/li>\n<li>Schwei\u00dfarbeiten \/ Rohrbeflanschungen<\/li>\n<li>Formst\u00fcckbau<\/li>\n<\/ul>\n<\/td>\n<td width=\"50%\">\n<ul>\n<li>Sandblasting (in- and outside)<\/li>\n<li>Protective coatings:\n<ul>\n<li>Polyethylene (PE) acc. To DIN 30670<\/li>\n<li>Bitumen acc. To DIN 30673 (in- and outside)<\/li>\n<li>Cement mortar lining acc. To DIN 2614<\/li>\n<li>Galvanizing (also for drinking water)<\/li>\n<li>Flow coat<\/li>\n<li>Epoxy lining in- and outside<\/li>\n<li>Weight coating<\/li>\n<\/ul>\n<\/li>\n<li>Welding \/ flanging<\/li>\n<li>Prefabrication<\/li>\n<\/ul>\n<\/td>\n<\/tr>\n<tr>\n<td colspan=\"2\">\n<h4><strong>EINSATZZWECKE \/ APPLICATION<\/strong><\/h4>\n<\/td>\n<\/tr>\n<tr>\n<td width=\"50%\">\n<ul>\n<li>Wasser- und Gasleitungen<\/li>\n<li>Fernw\u00e4rmeleitungen, Medien- und Mantelrohre<\/li>\n<li>Konstruktionen, Stahlbau<\/li>\n<li>Mastenbau, Bergbau<\/li>\n<li>Br\u00fcckenbau<\/li>\n<li>Brunnenbau<\/li>\n<li>Sprinklerbau<\/li>\n<\/ul>\n<\/td>\n<td width=\"50%\">\n<ul>\n<li>Water and gas pipes<\/li>\n<li>Line pipes<\/li>\n<li>General structural purpose<\/li>\n<li>City heating systems<\/li>\n<li>Mining<\/li>\n<li>Steel towers<\/li>\n<li>Bridging<\/li>\n<li>Sprinkler systems<\/li>\n<\/ul>\n<\/td>\n<\/tr>\n<tr>\n<td colspan=\"2\">\n<h4><strong>SERVICE<\/strong><\/h4>\n<\/td>\n<\/tr>\n<tr>\n<td width=\"50%\">\n<ul>\n<li>Die Lieferung erfolgt falls gew\u00fcnscht, just in time frei Verwendungsstelle oder FOB zum gew\u00fcnschten Seehafen.<\/li>\n<\/ul>\n<\/td>\n<td>\n<ul>\n<li>Our service does not stop stockyards, we deliver above mentioned material to the required destination Franco or FOB any requested seaport.<\/li>\n<\/ul>\n<\/td>\n<\/tr>\n<\/tbody>\n<\/table>\n<figure><\/figure>\n<figure><\/figure>\n<figure><\/figure>\n","protected":false},"excerpt":{"rendered":"<p>In unserem Prospekt\/Lieferprogramm finden Sie einen kurzen \u00dcberblick \u00fcber uns, unsere Produktepalette und Serviceleistungen rund um den Stahlrohrhandel. Download: RATEX-Prospekt-2019 (Gr\u00f6\u00dfe 4,7 MB \/ Format PDF) Lieferprogramm \/ Delivery Program PRODUKTE \/ PRODUCTS geschwei\u00dfte Stahlrohre nach EN 10217\/EN10219, DIN und API aus Vorrat bis Durchmesser 1420 mm Stahlleitungsrohre nach EN 10208\/DIN 2470 Nahtlose Stahlrohre nach [&hellip;]<\/p>\n","protected":false},"author":1,"featured_media":0,"parent":0,"menu_order":0,"comment_status":"closed","ping_status":"closed","template":"fullwidth.php","meta":{"footnotes":""},"class_list":["post-41","page","type-page","status-publish","hentry"],"_links":{"self":[{"href":"https:\/\/www.ratex-rohr.de\/index.php?rest_route=\/wp\/v2\/pages\/41","targetHints":{"allow":["GET"]}}],"collection":[{"href":"https:\/\/www.ratex-rohr.de\/index.php?rest_route=\/wp\/v2\/pages"}],"about":[{"href":"https:\/\/www.ratex-rohr.de\/index.php?rest_route=\/wp\/v2\/types\/page"}],"author":[{"embeddable":true,"href":"https:\/\/www.ratex-rohr.de\/index.php?rest_route=\/wp\/v2\/users\/1"}],"replies":[{"embeddable":true,"href":"https:\/\/www.ratex-rohr.de\/index.php?rest_route=%2Fwp%2Fv2%2Fcomments&post=41"}],"version-history":[{"count":14,"href":"https:\/\/www.ratex-rohr.de\/index.php?rest_route=\/wp\/v2\/pages\/41\/revisions"}],"predecessor-version":[{"id":692,"href":"https:\/\/www.ratex-rohr.de\/index.php?rest_route=\/wp\/v2\/pages\/41\/revisions\/692"}],"wp:attachment":[{"href":"https:\/\/www.ratex-rohr.de\/index.php?rest_route=%2Fwp%2Fv2%2Fmedia&parent=41"}],"curies":[{"name":"wp","href":"https:\/\/api.w.org\/{rel}","templated":true}]}}